{"id":7487,"date":"2016-04-26T14:15:05","date_gmt":"2016-04-26T12:15:05","guid":{"rendered":"http:\/\/jvenice.org\/maestro\/it\/?page_id=7487"},"modified":"2016-06-09T15:49:05","modified_gmt":"2016-06-09T13:49:05","slug":"renato-abramo-vita-maestro","status":"publish","type":"page","link":"http:\/\/renatomaestro.org\/it\/renato-abramo-vita-maestro\/","title":{"rendered":"Renato Abramo Vita Maestro"},"content":{"rendered":"<!DOCTYPE html PUBLIC \"-\/\/W3C\/\/DTD HTML 4.0 Transitional\/\/EN\" \"http:\/\/www.w3.org\/TR\/REC-html40\/loose.dtd\">\n<html><body><p><a href=\"http:\/\/jvenice.org\/maestro\/wp-content\/uploads\/2009\/04\/images_renatomaestro.jpg\" rel=\"attachment wp-att-7410\"><img loading=\"lazy\" decoding=\"async\" class=\"alignleft wp-image-7410 size-medium\" src=\"http:\/\/jvenice.org\/maestro\/wp-content\/uploads\/2009\/04\/images_renatomaestro-300x224.jpg\" alt=\"images_renatomaestro\" width=\"300\" height=\"224\" srcset=\"http:\/\/renatomaestro.org\/wp-content\/uploads\/2009\/04\/images_renatomaestro-300x224.jpg 300w, http:\/\/renatomaestro.org\/wp-content\/uploads\/2009\/04\/images_renatomaestro-251x188.jpg 251w, http:\/\/renatomaestro.org\/wp-content\/uploads\/2009\/04\/images_renatomaestro.jpg 669w\" sizes=\"auto, (max-width: 300px) 100vw, 300px\" \/><\/a><\/p>\n<p>Renato Abramo Vita Maestro (Venezia 1911-1974) era il quinto e ultimo figlio di Giacomo Maestro del fu Abramo (Dubrovnik 1858-Venezia 1928), mercante levantino, giunto a Venezia in seguito al suo matrimonio con Celeste Coen (Ancona 1870-Venezia 1957), celebrato ad Ancona nel 1891. Dopo l\u2019arrivo dei coniugi Maestro a Venezia erano nate anche le quattro sorelle di Renato, Fernanda Bianca Vittoria (Venezia 1893-1914), Elena (Venezia 1897-1962), Marcella (1898-1990), Margherita Regina Fortunata (1900-1989).<\/p>\n<p>Giacomo Maestro, afferente alla Scuola Levantina, era membro attivo della Fraterna generale: partecip\u00f2, forse in veste di consigliere, alle riunioni sotto la presidenza Musatti (1903-1919) e rivest\u00ec anche l\u2019incarico di direttore della scuola religiosa ebraica maschile agli inizi del XX secolo. Renato Maestro studi\u00f2 presso il prestigioso collegio Rav\u00e0 e quindi pass\u00f2 al ginnasio Marco Foscarini; si iscrisse alla facolt\u00e0 di Economia e Commercio presso l\u2019Universit\u00e0 di Ca\u2019 Foscari nel 1931 e si laure\u00f2 nell\u2019anno accademico 1934-1935, sotto la supervisione di Gino Luzzatto, con una tesi dal titolo \u201cL\u2019attivit\u00e0 commerciale svolta a Venezia dagli ebrei levantini e ponentini dall\u2019anno 1550 al 1700\u201d.<\/p>\n<p>Testimone dell\u2019inesorabile deterioramento del clima politico italiano di quegli anni, nel 1938 Renato Maestro entr\u00f2 a far parte di un gruppo di giovani antifascisti, insieme ad altri esponenti della comunit\u00e0 israelitica, quali Renzo Sullam e Cesare Banon, i cui membri erano soliti trovarsi presso il caff\u00e8 \u201cPiccolo Lavena\u201d in Frezzeria, nei pressi di San Marco. Per la sua manifesta opposizione al regime fascista, nel 1941 fu arrestato insieme ad Alessandro Gallo e Renzo Sullam e mandato per due anni al confino nei pressi de L\u2019Aquila. Dopo l\u2019armistizio, nel 1943 Renato Maestro super\u00f2 la linea del fronte e si un\u00ec agli alleati, divenendo collaboratore di Giuseppe Di Vittorio e trasmettendo via radio, prima da Bari e quindi da Roma, la Voce dell\u2019Italia Libera.<\/p>\n<p>Dopo il periodo romano, Renato Maestro torn\u00f2 a Venezia, ricongiungendosi ai familiari, che avevano trovato scampo dalle persecuzioni vivendo in clandestinit\u00e0 nei pressi di Treviso. Intraprese allora la sua attivit\u00e0 di commercialista, senza per\u00f2 tralasciare la linea politica del passato e senza abbandonare l\u2019amore per l\u2019ebraismo.<\/p>\n<p>Il legame con le sue origini levantine e l\u2019interesse per la storia e la cultura ebraica si riproposero alla fine degli anni sessanta, quando a Renato Maestro si rivolse Benjamin Ravid, allora giovane ricercatore della Harvard University, oggi insigne esperto di storia dell\u2019ebraismo nella Venezia di et\u00e0 moderna, per prendere conoscenza delle fonti che Maestro aveva consultato per la sua tesi di laurea: successivamente a questa corrispondenza intrattenuta negli anni 1968-69, sarebbe nato l\u2019importante ricerca del prof. Ravid sul \u201cDiscorso circa il stato de gl\u2019Hebrei et in particolar dimoranti nell\u2019inclita citt\u00e0 di Venetia\u201d (1638) di Simone Luzzatto.<\/p>\n<p>Negli stessi anni Renato Maestro fu consigliere della Comunit\u00e0 Israelitica e giunse a rivestire il ruolo di vicepresidente nel 1971, sotto la presidenza di Giorgio Voghera. Grazie al suo contributo si giunse alla rivalutazione del l\u2019area storica del \u201cghetto\u201d come centro dell\u2019ebraismo veneziano con il trasferimento della sede della Comunit\u00e0 e dell\u2019ex-asilo infantile e la creazione di un centro sociale presso la Sala Montefiore.<\/p>\n<p>Renato Maestro mor\u00ec dopo una breve malattia il 15 marzo 1974. Per sua volont\u00e0, nel 1976 le sorelle ancora in vita destinarono un legato alla costituzione del \u201cCentro di Studi Ebraici Renato Maestro\u201d che permise di provvedere al riordino di parte del patrimonio librario dell\u2019originaria biblioteca del Convegno di Studi Ebraici, istituita nel 1929. Oggi, grazie alla volont\u00e0 di Renato Maestro e di altri donatori, accanto al Museo Ebraico, sul campo del ghetto nuovo, sorge la biblioteca archivio intitolata al suo nome.<\/p>\n<p><em><strong>Bibliografia [tesi di laurea] L\u2019attivit\u00e0 commerciale svolta in Venezia dagli abrei [sic: ebrei] Levantini e Ponentini dall\u2019anno 1550 al 1700, relatore prof. Gino Luzzato, a.a. 1934-35 Sigrid Sohn, La circolazione della cultura ebraica nella comunit\u00e0 di Venezia : la biblioteca-archivio \u201cRenato Maestro\u201d, in \u201cE li insegnerai ai tuoi figli : educazione ebraica in Italia dalle leggi razziali ad oggi\u201d, a cura di Anna Maria Piussi , Firenze, Giuntina, 1997, pp. 189-199 Giuseppe Turcato, Agostino Zanon Dal Bo (a cura di), 1943-1945, Venezia nella Resistenza : Testimonianze, Venezia, Comune di Venezia, 1976. <\/strong><\/em><\/p>\n<\/body><\/html>\n","protected":false},"excerpt":{"rendered":"<p>Renato Abramo Vita Maestro (Venezia 1911-1974) era il quinto e ultimo figlio di Giacomo Maestro del fu Abramo (Dubrovnik 1858-Venezia 1928), mercante levantino, giunto a Venezia in seguito al suo matrimonio con Celeste Coen (Ancona 1870-Venezia 1957), celebrato ad Ancona nel 1891. Dopo l\u2019arrivo dei coniugi Maestro a Venezia erano nate anche le quattro sorelle [&hellip;]<\/p>\n","protected":false},"author":1,"featured_media":0,"parent":0,"menu_order":0,"comment_status":"closed","ping_status":"closed","template":"","meta":{"footnotes":""},"class_list":["post-7487","page","type-page","status-publish","hentry"],"yoast_head":"<!-- This site is optimized with the Yoast SEO plugin v27.2 - https:\/\/yoast.com\/product\/yoast-seo-wordpress\/ -->\n<title>Renato Abramo Vita Maestro - Biblioteca Archivio Renato Maestro<\/title>\n<meta name=\"robots\" content=\"index, follow, max-snippet:-1, max-image-preview:large, max-video-preview:-1\" \/>\n<link rel=\"canonical\" href=\"https:\/\/renatomaestro.org\/it\/renato-abramo-vita-maestro\/\" \/>\n<meta property=\"og:locale\" content=\"it_IT\" \/>\n<meta property=\"og:type\" content=\"article\" \/>\n<meta property=\"og:title\" content=\"Renato Abramo Vita Maestro - Biblioteca Archivio Renato Maestro\" \/>\n<meta property=\"og:description\" content=\"Renato Abramo Vita Maestro (Venezia 1911-1974) era il quinto e ultimo figlio di Giacomo Maestro del fu Abramo (Dubrovnik 1858-Venezia 1928), mercante levantino, giunto a Venezia in seguito al suo matrimonio con Celeste Coen (Ancona 1870-Venezia 1957), celebrato ad Ancona nel 1891. Dopo l\u2019arrivo dei coniugi Maestro a Venezia erano nate anche le quattro sorelle [&hellip;]\" \/>\n<meta property=\"og:url\" content=\"https:\/\/renatomaestro.org\/it\/renato-abramo-vita-maestro\/\" \/>\n<meta property=\"og:site_name\" content=\"Biblioteca Archivio Renato Maestro\" \/>\n<meta property=\"article:modified_time\" content=\"2016-06-09T13:49:05+00:00\" \/>\n<meta property=\"og:image\" content=\"http:\/\/jvenice.org\/maestro\/wp-content\/uploads\/2009\/04\/images_renatomaestro-300x224.jpg\" \/>\n<meta name=\"twitter:card\" content=\"summary_large_image\" \/>\n<meta name=\"twitter:label1\" content=\"Tempo di lettura stimato\" \/>\n\t<meta name=\"twitter:data1\" content=\"3 minuti\" \/>\n<script type=\"application\/ld+json\" class=\"yoast-schema-graph\">{\"@context\":\"https:\/\/schema.org\",\"@graph\":[{\"@type\":\"WebPage\",\"@id\":\"https:\/\/renatomaestro.org\/it\/renato-abramo-vita-maestro\/\",\"url\":\"https:\/\/renatomaestro.org\/it\/renato-abramo-vita-maestro\/\",\"name\":\"Renato Abramo Vita Maestro - Biblioteca Archivio Renato Maestro\",\"isPartOf\":{\"@id\":\"http:\/\/renatomaestro.org\/it\/#website\"},\"primaryImageOfPage\":{\"@id\":\"https:\/\/renatomaestro.org\/it\/renato-abramo-vita-maestro\/#primaryimage\"},\"image\":{\"@id\":\"https:\/\/renatomaestro.org\/it\/renato-abramo-vita-maestro\/#primaryimage\"},\"thumbnailUrl\":\"http:\/\/jvenice.org\/maestro\/wp-content\/uploads\/2009\/04\/images_renatomaestro-300x224.jpg\",\"datePublished\":\"2016-04-26T12:15:05+00:00\",\"dateModified\":\"2016-06-09T13:49:05+00:00\",\"breadcrumb\":{\"@id\":\"https:\/\/renatomaestro.org\/it\/renato-abramo-vita-maestro\/#breadcrumb\"},\"inLanguage\":\"it-IT\",\"potentialAction\":[{\"@type\":\"ReadAction\",\"target\":[\"https:\/\/renatomaestro.org\/it\/renato-abramo-vita-maestro\/\"]}]},{\"@type\":\"ImageObject\",\"inLanguage\":\"it-IT\",\"@id\":\"https:\/\/renatomaestro.org\/it\/renato-abramo-vita-maestro\/#primaryimage\",\"url\":\"http:\/\/jvenice.org\/maestro\/wp-content\/uploads\/2009\/04\/images_renatomaestro-300x224.jpg\",\"contentUrl\":\"http:\/\/jvenice.org\/maestro\/wp-content\/uploads\/2009\/04\/images_renatomaestro-300x224.jpg\"},{\"@type\":\"BreadcrumbList\",\"@id\":\"https:\/\/renatomaestro.org\/it\/renato-abramo-vita-maestro\/#breadcrumb\",\"itemListElement\":[{\"@type\":\"ListItem\",\"position\":1,\"name\":\"Home\",\"item\":\"http:\/\/renatomaestro.org\/it\/\"},{\"@type\":\"ListItem\",\"position\":2,\"name\":\"Renato Abramo Vita Maestro\"}]},{\"@type\":\"WebSite\",\"@id\":\"http:\/\/renatomaestro.org\/it\/#website\",\"url\":\"http:\/\/renatomaestro.org\/it\/\",\"name\":\"Biblioteca Archivio Renato Maestro\",\"description\":\"Un nuovo sito targato WordPress\",\"potentialAction\":[{\"@type\":\"SearchAction\",\"target\":{\"@type\":\"EntryPoint\",\"urlTemplate\":\"http:\/\/renatomaestro.org\/it\/?s={search_term_string}\"},\"query-input\":{\"@type\":\"PropertyValueSpecification\",\"valueRequired\":true,\"valueName\":\"search_term_string\"}}],\"inLanguage\":\"it-IT\"}]}<\/script>\n<!-- \/ Yoast SEO plugin. -->","yoast_head_json":{"title":"Renato Abramo Vita Maestro - Biblioteca Archivio Renato Maestro","robots":{"index":"index","follow":"follow","max-snippet":"max-snippet:-1","max-image-preview":"max-image-preview:large","max-video-preview":"max-video-preview:-1"},"canonical":"https:\/\/renatomaestro.org\/it\/renato-abramo-vita-maestro\/","og_locale":"it_IT","og_type":"article","og_title":"Renato Abramo Vita Maestro - Biblioteca Archivio Renato Maestro","og_description":"Renato Abramo Vita Maestro (Venezia 1911-1974) era il quinto e ultimo figlio di Giacomo Maestro del fu Abramo (Dubrovnik 1858-Venezia 1928), mercante levantino, giunto a Venezia in seguito al suo matrimonio con Celeste Coen (Ancona 1870-Venezia 1957), celebrato ad Ancona nel 1891. Dopo l\u2019arrivo dei coniugi Maestro a Venezia erano nate anche le quattro sorelle [&hellip;]","og_url":"https:\/\/renatomaestro.org\/it\/renato-abramo-vita-maestro\/","og_site_name":"Biblioteca Archivio Renato Maestro","article_modified_time":"2016-06-09T13:49:05+00:00","og_image":[{"url":"http:\/\/jvenice.org\/maestro\/wp-content\/uploads\/2009\/04\/images_renatomaestro-300x224.jpg","type":"","width":"","height":""}],"twitter_card":"summary_large_image","twitter_misc":{"Tempo di lettura stimato":"3 minuti"},"schema":{"@context":"https:\/\/schema.org","@graph":[{"@type":"WebPage","@id":"https:\/\/renatomaestro.org\/it\/renato-abramo-vita-maestro\/","url":"https:\/\/renatomaestro.org\/it\/renato-abramo-vita-maestro\/","name":"Renato Abramo Vita Maestro - Biblioteca Archivio Renato Maestro","isPartOf":{"@id":"http:\/\/renatomaestro.org\/it\/#website"},"primaryImageOfPage":{"@id":"https:\/\/renatomaestro.org\/it\/renato-abramo-vita-maestro\/#primaryimage"},"image":{"@id":"https:\/\/renatomaestro.org\/it\/renato-abramo-vita-maestro\/#primaryimage"},"thumbnailUrl":"http:\/\/jvenice.org\/maestro\/wp-content\/uploads\/2009\/04\/images_renatomaestro-300x224.jpg","datePublished":"2016-04-26T12:15:05+00:00","dateModified":"2016-06-09T13:49:05+00:00","breadcrumb":{"@id":"https:\/\/renatomaestro.org\/it\/renato-abramo-vita-maestro\/#breadcrumb"},"inLanguage":"it-IT","potentialAction":[{"@type":"ReadAction","target":["https:\/\/renatomaestro.org\/it\/renato-abramo-vita-maestro\/"]}]},{"@type":"ImageObject","inLanguage":"it-IT","@id":"https:\/\/renatomaestro.org\/it\/renato-abramo-vita-maestro\/#primaryimage","url":"http:\/\/jvenice.org\/maestro\/wp-content\/uploads\/2009\/04\/images_renatomaestro-300x224.jpg","contentUrl":"http:\/\/jvenice.org\/maestro\/wp-content\/uploads\/2009\/04\/images_renatomaestro-300x224.jpg"},{"@type":"BreadcrumbList","@id":"https:\/\/renatomaestro.org\/it\/renato-abramo-vita-maestro\/#breadcrumb","itemListElement":[{"@type":"ListItem","position":1,"name":"Home","item":"http:\/\/renatomaestro.org\/it\/"},{"@type":"ListItem","position":2,"name":"Renato Abramo Vita Maestro"}]},{"@type":"WebSite","@id":"http:\/\/renatomaestro.org\/it\/#website","url":"http:\/\/renatomaestro.org\/it\/","name":"Biblioteca Archivio Renato Maestro","description":"Un nuovo sito targato WordPress","potentialAction":[{"@type":"SearchAction","target":{"@type":"EntryPoint","urlTemplate":"http:\/\/renatomaestro.org\/it\/?s={search_term_string}"},"query-input":{"@type":"PropertyValueSpecification","valueRequired":true,"valueName":"search_term_string"}}],"inLanguage":"it-IT"}]}},"_links":{"self":[{"href":"http:\/\/renatomaestro.org\/it\/wp-json\/wp\/v2\/pages\/7487","targetHints":{"allow":["GET"]}}],"collection":[{"href":"http:\/\/renatomaestro.org\/it\/wp-json\/wp\/v2\/pages"}],"about":[{"href":"http:\/\/renatomaestro.org\/it\/wp-json\/wp\/v2\/types\/page"}],"author":[{"embeddable":true,"href":"http:\/\/renatomaestro.org\/it\/wp-json\/wp\/v2\/users\/1"}],"replies":[{"embeddable":true,"href":"http:\/\/renatomaestro.org\/it\/wp-json\/wp\/v2\/comments?post=7487"}],"version-history":[{"count":13,"href":"http:\/\/renatomaestro.org\/it\/wp-json\/wp\/v2\/pages\/7487\/revisions"}],"predecessor-version":[{"id":7501,"href":"http:\/\/renatomaestro.org\/it\/wp-json\/wp\/v2\/pages\/7487\/revisions\/7501"}],"wp:attachment":[{"href":"http:\/\/renatomaestro.org\/it\/wp-json\/wp\/v2\/media?parent=7487"}],"curies":[{"name":"wp","href":"https:\/\/api.w.org\/{rel}","templated":true}]}}